{"id":6934,"date":"2025-01-30T15:50:30","date_gmt":"2025-01-30T14:50:30","guid":{"rendered":"https:\/\/rcmicro.es\/?post_type=product&#038;p=6934"},"modified":"2026-01-26T15:05:45","modified_gmt":"2026-01-26T14:05:45","slug":"nimh-cylindrical-battery-packs","status":"publish","type":"product","link":"https:\/\/rcmicro.es\/en\/product\/nimh-cylindrical-battery-packs\/","title":{"rendered":"NiMH cylindrical battery packs"},"content":{"rendered":"<p data-start=\"751\" data-end=\"1100\">Cylindrical NiMH battery packs available with capacities from <strong data-start=\"767\" data-end=\"811\">150\u202fmAh<\/strong> to 5000\u202fmAh and voltages from <strong data-start=\"814\" data-end=\"846\">1.2\u202fV<\/strong> to 24\u202fV. These packs are built from <strong data-start=\"884\" data-end=\"898\">NiMH cells<\/strong> in standard formats such as <strong data-start=\"925\" data-end=\"957\">AA, AAA, C, D, SC, 4\/3A and HR<\/strong>, as well as in custom configurations (<strong data-start=\"1003\" data-end=\"1023\">2S1P, 3S1P, 9S1P<\/strong> and others), ensuring easy integration into a wide range of electronic designs.<\/p>\n<p data-start=\"1102\" data-end=\"1449\">They can be supplied with <strong data-start=\"1127\" data-end=\"1137\">cables<\/strong>, <strong data-start=\"1139\" data-end=\"1157\">JST connectors<\/strong>, <strong data-start=\"1159\" data-end=\"1181\">NTC and PTC sensors<\/strong>, overcharge protection and<strong data-start=\"1214\" data-end=\"1234\"> tags<\/strong>, according to project requirements. Their design supports <strong data-start=\"1288\" data-end=\"1316\">series configurations<\/strong> and is engineered to deliver <strong data-start=\"1344\" data-end=\"1374\">high discharge capability<\/strong>, thermal reliability and stable performance in demanding applications. <\/p>\n","protected":false},"excerpt":{"rendered":"<p>Cylindrical NiMH battery packs for industrial applications, instrumentation and electronic devices with high energy demands.<\/p>\n","protected":false},"featured_media":6021,"template":"","meta":{"site-sidebar-layout":"default","site-content-layout":"","ast-site-content-layout":"default","site-content-style":"default","site-sidebar-style":"default","ast-global-header-display":"","ast-banner-title-visibility":"","ast-main-header-display":"","ast-hfb-above-header-display":"","ast-hfb-below-header-display":"","ast-hfb-mobile-header-display":"","site-post-title":"","ast-breadcrumbs-content":"","ast-featured-img":"","footer-sml-layout":"","ast-disable-related-posts":"","theme-transparent-header-meta":"default","adv-header-id-meta":"","stick-header-meta":"","header-above-stick-meta":"","header-main-stick-meta":"","header-below-stick-meta":"","astra-migrate-meta-layouts":"set","ast-page-background-enabled":"default","ast-page-background-meta":{"desktop":{"background-color":"var(--ast-global-color-4)","background-image":"","background-repeat":"repeat","background-position":"center center","background-size":"auto","background-attachment":"scroll","background-type":"","background-media":"","overlay-type":"","overlay-color":"","overlay-opacity":"","overlay-gradient":""},"tablet":{"background-color":"","background-image":"","background-repeat":"repeat","background-position":"center center","background-size":"auto","background-attachment":"scroll","background-type":"","background-media":"","overlay-type":"","overlay-color":"","overlay-opacity":"","overlay-gradient":""},"mobile":{"background-color":"","background-image":"","background-repeat":"repeat","background-position":"center center","background-size":"auto","background-attachment":"scroll","background-type":"","background-media":"","overlay-type":"","overlay-color":"","overlay-opacity":"","overlay-gradient":""}},"ast-content-background-meta":{"desktop":{"background-color":"var(--ast-global-color-5)","background-image":"","background-repeat":"repeat","background-position":"center center","background-size":"auto","background-attachment":"scroll","background-type":"","background-media":"","overlay-type":"","overlay-color":"","overlay-opacity":"","overlay-gradient":""},"tablet":{"background-color":"var(--ast-global-color-5)","background-image":"","background-repeat":"repeat","background-position":"center center","background-size":"auto","background-attachment":"scroll","background-type":"","background-media":"","overlay-type":"","overlay-color":"","overlay-opacity":"","overlay-gradient":""},"mobile":{"background-color":"var(--ast-global-color-5)","background-image":"","background-repeat":"repeat","background-position":"center center","background-size":"auto","background-attachment":"scroll","background-type":"","background-media":"","overlay-type":"","overlay-color":"","overlay-opacity":"","overlay-gradient":""}},"_mbp_gutenberg_autopost":false},"pwb-brand":[560,563,577,614],"product_brand":[],"product_cat":[473,481],"product_tag":[536,538],"class_list":{"0":"post-6934","1":"product","2":"type-product","3":"status-publish","4":"has-post-thumbnail","6":"pwb-brand-ctechi-en","7":"pwb-brand-fdk-en","8":"pwb-brand-jyh-battery-en","9":"pwb-brand-varta-en","10":"product_cat-batteries","11":"product_cat-nickel-metal-hydride-batteries-nimh","12":"product_tag-industrial-en","13":"product_tag-instrumentation-medical","14":"pa_marca-ctechi","15":"pa_marca-fdk","16":"pa_marca-jyh-battery","17":"pa_marca-varta","18":"desktop-align-center","19":"tablet-align-left","20":"mobile-align-left","22":"first","23":"instock","24":"featured","25":"shipping-taxable","26":"product-type-simple"},"yoast_head":"<!-- This site is optimized with the Yoast SEO plugin v27.4 - https:\/\/yoast.com\/product\/yoast-seo-wordpress\/ -->\n<title>Cylindrical NiMH battery packs | High capacity and reliability - RC Microelectr\u00f3nica<\/title>\n<meta name=\"description\" content=\"Rechargeable cylindrical NiMH battery packs for industrial applications and instrumentation. From 1.2\u202fV to 24\u202fV. Integrated protection. Ctechi, FDK, Varta...\" \/>\n<meta name=\"robots\" content=\"index, follow, max-snippet:-1, max-image-preview:large, max-video-preview:-1\" \/>\n<link rel=\"canonical\" href=\"https:\/\/rcmicro.es\/en\/product\/nimh-cylindrical-battery-packs\/\" \/>\n<meta property=\"og:locale\" content=\"en_US\" \/>\n<meta property=\"og:type\" content=\"article\" \/>\n<meta property=\"og:title\" content=\"Cylindrical NiMH battery packs for industrial electronics\" \/>\n<meta property=\"og:description\" content=\"Packs de bater\u00edas NiMH cil\u00edndricas con alta capacidad de descarga, sensores y protecci\u00f3n integrada. Ideales para instrumentaci\u00f3n y dispositivos electr\u00f3nicos.\" \/>\n<meta property=\"og:url\" content=\"https:\/\/rcmicro.es\/en\/product\/nimh-cylindrical-battery-packs\/\" \/>\n<meta property=\"og:site_name\" content=\"RC Microelectr\u00f3nica\" \/>\n<meta property=\"article:modified_time\" content=\"2026-01-26T14:05:45+00:00\" \/>\n<meta property=\"og:image\" content=\"https:\/\/rcmicro.es\/wp-content\/uploads\/2025\/01\/GA_RC-Micro_Packs-de-baterias-de-NiMH-cilindricas-300x300.png\" \/>\n<meta name=\"twitter:card\" content=\"summary_large_image\" \/>\n<meta name=\"twitter:label1\" content=\"Est. reading time\" \/>\n\t<meta name=\"twitter:data1\" content=\"1 minute\" \/>\n<script type=\"application\/ld+json\" class=\"yoast-schema-graph\">{\"@context\":\"https:\\\/\\\/schema.org\",\"@graph\":[{\"@type\":\"WebPage\",\"@id\":\"https:\\\/\\\/rcmicro.es\\\/en\\\/product\\\/nimh-cylindrical-battery-packs\\\/\",\"url\":\"https:\\\/\\\/rcmicro.es\\\/en\\\/product\\\/nimh-cylindrical-battery-packs\\\/\",\"name\":\"Cylindrical NiMH battery packs | High capacity and reliability - RC Microelectr\u00f3nica\",\"isPartOf\":{\"@id\":\"https:\\\/\\\/rcmicro.es\\\/en\\\/#website\"},\"primaryImageOfPage\":{\"@id\":\"https:\\\/\\\/rcmicro.es\\\/en\\\/product\\\/nimh-cylindrical-battery-packs\\\/#primaryimage\"},\"image\":{\"@id\":\"https:\\\/\\\/rcmicro.es\\\/en\\\/product\\\/nimh-cylindrical-battery-packs\\\/#primaryimage\"},\"thumbnailUrl\":\"https:\\\/\\\/rcmicro.es\\\/wp-content\\\/uploads\\\/2025\\\/01\\\/GA_RC-Micro_Packs-de-baterias-de-NiMH-cilindricas.png\",\"datePublished\":\"2025-01-30T14:50:30+00:00\",\"dateModified\":\"2026-01-26T14:05:45+00:00\",\"description\":\"Rechargeable cylindrical NiMH battery packs for industrial applications and instrumentation. From 1.2\u202fV to 24\u202fV. Integrated protection. Ctechi, FDK, Varta...\",\"breadcrumb\":{\"@id\":\"https:\\\/\\\/rcmicro.es\\\/en\\\/product\\\/nimh-cylindrical-battery-packs\\\/#breadcrumb\"},\"inLanguage\":\"en-US\",\"potentialAction\":[{\"@type\":\"ReadAction\",\"target\":[\"https:\\\/\\\/rcmicro.es\\\/en\\\/product\\\/nimh-cylindrical-battery-packs\\\/\"]}]},{\"@type\":\"ImageObject\",\"inLanguage\":\"en-US\",\"@id\":\"https:\\\/\\\/rcmicro.es\\\/en\\\/product\\\/nimh-cylindrical-battery-packs\\\/#primaryimage\",\"url\":\"https:\\\/\\\/rcmicro.es\\\/wp-content\\\/uploads\\\/2025\\\/01\\\/GA_RC-Micro_Packs-de-baterias-de-NiMH-cilindricas.png\",\"contentUrl\":\"https:\\\/\\\/rcmicro.es\\\/wp-content\\\/uploads\\\/2025\\\/01\\\/GA_RC-Micro_Packs-de-baterias-de-NiMH-cilindricas.png\",\"width\":800,\"height\":800,\"caption\":\"NiMH battery packs\"},{\"@type\":\"BreadcrumbList\",\"@id\":\"https:\\\/\\\/rcmicro.es\\\/en\\\/product\\\/nimh-cylindrical-battery-packs\\\/#breadcrumb\",\"itemListElement\":[{\"@type\":\"ListItem\",\"position\":1,\"name\":\"Portada\",\"item\":\"https:\\\/\\\/rcmicro.es\\\/en\\\/\"},{\"@type\":\"ListItem\",\"position\":2,\"name\":\"All products\",\"item\":\"https:\\\/\\\/rcmicro.es\\\/en\\\/all-products\\\/\"},{\"@type\":\"ListItem\",\"position\":3,\"name\":\"NiMH cylindrical battery packs\"}]},{\"@type\":\"WebSite\",\"@id\":\"https:\\\/\\\/rcmicro.es\\\/en\\\/#website\",\"url\":\"https:\\\/\\\/rcmicro.es\\\/en\\\/\",\"name\":\"RC Micro\",\"description\":\"\",\"publisher\":{\"@id\":\"https:\\\/\\\/rcmicro.es\\\/en\\\/#organization\"},\"potentialAction\":[{\"@type\":\"SearchAction\",\"target\":{\"@type\":\"EntryPoint\",\"urlTemplate\":\"https:\\\/\\\/rcmicro.es\\\/en\\\/?s={search_term_string}\"},\"query-input\":{\"@type\":\"PropertyValueSpecification\",\"valueRequired\":true,\"valueName\":\"search_term_string\"}}],\"inLanguage\":\"en-US\"},{\"@type\":\"Organization\",\"@id\":\"https:\\\/\\\/rcmicro.es\\\/en\\\/#organization\",\"name\":\"RC Micro\",\"url\":\"https:\\\/\\\/rcmicro.es\\\/en\\\/\",\"logo\":{\"@type\":\"ImageObject\",\"inLanguage\":\"en-US\",\"@id\":\"https:\\\/\\\/rcmicro.es\\\/en\\\/#\\\/schema\\\/logo\\\/image\\\/\",\"url\":\"https:\\\/\\\/rcmicro.es\\\/wp-content\\\/uploads\\\/2024\\\/07\\\/logo-RC-MICRO.png\",\"contentUrl\":\"https:\\\/\\\/rcmicro.es\\\/wp-content\\\/uploads\\\/2024\\\/07\\\/logo-RC-MICRO.png\",\"width\":925,\"height\":1040,\"caption\":\"RC Micro\"},\"image\":{\"@id\":\"https:\\\/\\\/rcmicro.es\\\/en\\\/#\\\/schema\\\/logo\\\/image\\\/\"},\"sameAs\":[\"https:\\\/\\\/es.linkedin.com\\\/company\\\/rcmicroelectronica\"]}]}<\/script>\n<!-- \/ Yoast SEO plugin. -->","yoast_head_json":{"title":"Cylindrical NiMH battery packs | High capacity and reliability - RC Microelectr\u00f3nica","description":"Rechargeable cylindrical NiMH battery packs for industrial applications and instrumentation. From 1.2\u202fV to 24\u202fV. Integrated protection. Ctechi, FDK, Varta...","robots":{"index":"index","follow":"follow","max-snippet":"max-snippet:-1","max-image-preview":"max-image-preview:large","max-video-preview":"max-video-preview:-1"},"canonical":"https:\/\/rcmicro.es\/en\/product\/nimh-cylindrical-battery-packs\/","og_locale":"en_US","og_type":"article","og_title":"Cylindrical NiMH battery packs for industrial electronics","og_description":"Packs de bater\u00edas NiMH cil\u00edndricas con alta capacidad de descarga, sensores y protecci\u00f3n integrada. Ideales para instrumentaci\u00f3n y dispositivos electr\u00f3nicos.","og_url":"https:\/\/rcmicro.es\/en\/product\/nimh-cylindrical-battery-packs\/","og_site_name":"RC Microelectr\u00f3nica","article_modified_time":"2026-01-26T14:05:45+00:00","og_image":[{"url":"https:\/\/rcmicro.es\/wp-content\/uploads\/2025\/01\/GA_RC-Micro_Packs-de-baterias-de-NiMH-cilindricas-300x300.png","type":"","width":"","height":""}],"twitter_card":"summary_large_image","twitter_misc":{"Est. reading time":"1 minute"},"schema":{"@context":"https:\/\/schema.org","@graph":[{"@type":"WebPage","@id":"https:\/\/rcmicro.es\/en\/product\/nimh-cylindrical-battery-packs\/","url":"https:\/\/rcmicro.es\/en\/product\/nimh-cylindrical-battery-packs\/","name":"Cylindrical NiMH battery packs | High capacity and reliability - RC Microelectr\u00f3nica","isPartOf":{"@id":"https:\/\/rcmicro.es\/en\/#website"},"primaryImageOfPage":{"@id":"https:\/\/rcmicro.es\/en\/product\/nimh-cylindrical-battery-packs\/#primaryimage"},"image":{"@id":"https:\/\/rcmicro.es\/en\/product\/nimh-cylindrical-battery-packs\/#primaryimage"},"thumbnailUrl":"https:\/\/rcmicro.es\/wp-content\/uploads\/2025\/01\/GA_RC-Micro_Packs-de-baterias-de-NiMH-cilindricas.png","datePublished":"2025-01-30T14:50:30+00:00","dateModified":"2026-01-26T14:05:45+00:00","description":"Rechargeable cylindrical NiMH battery packs for industrial applications and instrumentation. From 1.2\u202fV to 24\u202fV. Integrated protection. Ctechi, FDK, Varta...","breadcrumb":{"@id":"https:\/\/rcmicro.es\/en\/product\/nimh-cylindrical-battery-packs\/#breadcrumb"},"inLanguage":"en-US","potentialAction":[{"@type":"ReadAction","target":["https:\/\/rcmicro.es\/en\/product\/nimh-cylindrical-battery-packs\/"]}]},{"@type":"ImageObject","inLanguage":"en-US","@id":"https:\/\/rcmicro.es\/en\/product\/nimh-cylindrical-battery-packs\/#primaryimage","url":"https:\/\/rcmicro.es\/wp-content\/uploads\/2025\/01\/GA_RC-Micro_Packs-de-baterias-de-NiMH-cilindricas.png","contentUrl":"https:\/\/rcmicro.es\/wp-content\/uploads\/2025\/01\/GA_RC-Micro_Packs-de-baterias-de-NiMH-cilindricas.png","width":800,"height":800,"caption":"NiMH battery packs"},{"@type":"BreadcrumbList","@id":"https:\/\/rcmicro.es\/en\/product\/nimh-cylindrical-battery-packs\/#breadcrumb","itemListElement":[{"@type":"ListItem","position":1,"name":"Portada","item":"https:\/\/rcmicro.es\/en\/"},{"@type":"ListItem","position":2,"name":"All products","item":"https:\/\/rcmicro.es\/en\/all-products\/"},{"@type":"ListItem","position":3,"name":"NiMH cylindrical battery packs"}]},{"@type":"WebSite","@id":"https:\/\/rcmicro.es\/en\/#website","url":"https:\/\/rcmicro.es\/en\/","name":"RC Micro","description":"","publisher":{"@id":"https:\/\/rcmicro.es\/en\/#organization"},"potentialAction":[{"@type":"SearchAction","target":{"@type":"EntryPoint","urlTemplate":"https:\/\/rcmicro.es\/en\/?s={search_term_string}"},"query-input":{"@type":"PropertyValueSpecification","valueRequired":true,"valueName":"search_term_string"}}],"inLanguage":"en-US"},{"@type":"Organization","@id":"https:\/\/rcmicro.es\/en\/#organization","name":"RC Micro","url":"https:\/\/rcmicro.es\/en\/","logo":{"@type":"ImageObject","inLanguage":"en-US","@id":"https:\/\/rcmicro.es\/en\/#\/schema\/logo\/image\/","url":"https:\/\/rcmicro.es\/wp-content\/uploads\/2024\/07\/logo-RC-MICRO.png","contentUrl":"https:\/\/rcmicro.es\/wp-content\/uploads\/2024\/07\/logo-RC-MICRO.png","width":925,"height":1040,"caption":"RC Micro"},"image":{"@id":"https:\/\/rcmicro.es\/en\/#\/schema\/logo\/image\/"},"sameAs":["https:\/\/es.linkedin.com\/company\/rcmicroelectronica"]}]}},"brands":[{"id":560,"name":"Ctechi","slug":"ctechi-en"},{"id":563,"name":"Fdk","slug":"fdk-en"},{"id":577,"name":"Jyh-battery","slug":"jyh-battery-en"},{"id":614,"name":"Varta","slug":"varta-en"}],"_links":{"self":[{"href":"https:\/\/rcmicro.es\/en\/wp-json\/wp\/v2\/product\/6934","targetHints":{"allow":["GET"]}}],"collection":[{"href":"https:\/\/rcmicro.es\/en\/wp-json\/wp\/v2\/product"}],"about":[{"href":"https:\/\/rcmicro.es\/en\/wp-json\/wp\/v2\/types\/product"}],"wp:featuredmedia":[{"embeddable":true,"href":"https:\/\/rcmicro.es\/en\/wp-json\/wp\/v2\/media\/6021"}],"wp:attachment":[{"href":"https:\/\/rcmicro.es\/en\/wp-json\/wp\/v2\/media?parent=6934"}],"wp:term":[{"taxonomy":"pwb-brand","embeddable":true,"href":"https:\/\/rcmicro.es\/en\/wp-json\/wp\/v2\/pwb-brand?post=6934"},{"taxonomy":"product_brand","embeddable":true,"href":"https:\/\/rcmicro.es\/en\/wp-json\/wp\/v2\/product_brand?post=6934"},{"taxonomy":"product_cat","embeddable":true,"href":"https:\/\/rcmicro.es\/en\/wp-json\/wp\/v2\/product_cat?post=6934"},{"taxonomy":"product_tag","embeddable":true,"href":"https:\/\/rcmicro.es\/en\/wp-json\/wp\/v2\/product_tag?post=6934"}],"curies":[{"name":"wp","href":"https:\/\/api.w.org\/{rel}","templated":true}]}}