{"id":6937,"date":"2025-01-30T15:50:31","date_gmt":"2025-01-30T14:50:31","guid":{"rendered":"https:\/\/rcmicro.es\/?post_type=product&#038;p=6937"},"modified":"2026-01-16T12:45:25","modified_gmt":"2026-01-16T11:45:25","slug":"agm-lead-batteries","status":"publish","type":"product","link":"https:\/\/rcmicro.es\/en\/product\/agm-lead-batteries\/","title":{"rendered":"AGM lead batteries"},"content":{"rendered":"<p data-start=\"760\" data-end=\"1120\">AGM lead\u2011acid batteries with <strong>VRLA<\/strong> (valve\u2011regulated) technology designed to deliver reliable power in electronic applications where continuity and safety are essential. Available in <strong>6V<\/strong> and <strong>12V<\/strong> versions, with capacities ranging from <strong>800\u202fmAh<\/strong> to <strong>70,000\u202fmAh<\/strong>. They adapt to different formats and installation requirements, with sizes ranging from <strong>96\u00d725\u00d761.5\u202fmm<\/strong> to <strong>350\u00d7166\u00d7174\u202fmm.<\/strong>  <\/p>\n<p data-start=\"760\" data-end=\"1120\">AGM technology enables stable operation, low maintenance and strong resistance to charge\u2013discharge cycles. It is a common solution for backup power systems, UPS, telecommunications, instrumentation and industrial electronic equipment. <\/p>\n<p>&nbsp;<\/p>\n","protected":false},"excerpt":{"rendered":"<p>AGM lead\u2011acid batteries with VRLA technology for backup power and critical electronic applications<\/p>\n","protected":false},"featured_media":6276,"template":"","meta":{"site-sidebar-layout":"default","site-content-layout":"","ast-site-content-layout":"default","site-content-style":"default","site-sidebar-style":"default","ast-global-header-display":"","ast-banner-title-visibility":"","ast-main-header-display":"","ast-hfb-above-header-display":"","ast-hfb-below-header-display":"","ast-hfb-mobile-header-display":"","site-post-title":"","ast-breadcrumbs-content":"","ast-featured-img":"","footer-sml-layout":"","ast-disable-related-posts":"","theme-transparent-header-meta":"default","adv-header-id-meta":"","stick-header-meta":"","header-above-stick-meta":"","header-main-stick-meta":"","header-below-stick-meta":"","astra-migrate-meta-layouts":"set","ast-page-background-enabled":"default","ast-page-background-meta":{"desktop":{"background-color":"var(--ast-global-color-4)","background-image":"","background-repeat":"repeat","background-position":"center center","background-size":"auto","background-attachment":"scroll","background-type":"","background-media":"","overlay-type":"","overlay-color":"","overlay-opacity":"","overlay-gradient":""},"tablet":{"background-color":"","background-image":"","background-repeat":"repeat","background-position":"center center","background-size":"auto","background-attachment":"scroll","background-type":"","background-media":"","overlay-type":"","overlay-color":"","overlay-opacity":"","overlay-gradient":""},"mobile":{"background-color":"","background-image":"","background-repeat":"repeat","background-position":"center center","background-size":"auto","background-attachment":"scroll","background-type":"","background-media":"","overlay-type":"","overlay-color":"","overlay-opacity":"","overlay-gradient":""}},"ast-content-background-meta":{"desktop":{"background-color":"var(--ast-global-color-5)","background-image":"","background-repeat":"repeat","background-position":"center center","background-size":"auto","background-attachment":"scroll","background-type":"","background-media":"","overlay-type":"","overlay-color":"","overlay-opacity":"","overlay-gradient":""},"tablet":{"background-color":"var(--ast-global-color-5)","background-image":"","background-repeat":"repeat","background-position":"center center","background-size":"auto","background-attachment":"scroll","background-type":"","background-media":"","overlay-type":"","overlay-color":"","overlay-opacity":"","overlay-gradient":""},"mobile":{"background-color":"var(--ast-global-color-5)","background-image":"","background-repeat":"repeat","background-position":"center center","background-size":"auto","background-attachment":"scroll","background-type":"","background-media":"","overlay-type":"","overlay-color":"","overlay-opacity":"","overlay-gradient":""}},"_mbp_gutenberg_autopost":false},"pwb-brand":[565,581,587,613,567],"product_brand":[],"product_cat":[473,482],"product_tag":[539,540,536,538,535],"class_list":{"0":"post-6937","1":"product","2":"type-product","3":"status-publish","4":"has-post-thumbnail","6":"pwb-brand-fiamm-en","7":"pwb-brand-long-batteries-en","8":"pwb-brand-mascot-en","9":"pwb-brand-tiger-century-en","10":"pwb-brand-yuasa-en","11":"product_cat-batteries","12":"product_cat-lead-acid-batteries-pbac","13":"product_tag-communications-iot","14":"product_tag-consumer","15":"product_tag-industrial-en","16":"product_tag-instrumentation-medical","17":"product_tag-power-energy","18":"pa_marca-fiamm","19":"pa_marca-long-batteries","20":"pa_marca-mascot","21":"pa_marca-tiger-century","22":"pa_marca-yuasa","23":"desktop-align-center","24":"tablet-align-left","25":"mobile-align-left","27":"first","28":"instock","29":"featured","30":"shipping-taxable","31":"product-type-simple"},"yoast_head":"<!-- This site is optimized with the Yoast SEO plugin v27.4 - https:\/\/yoast.com\/product\/yoast-seo-wordpress\/ -->\n<title>AGM lead\u2011acid batteries | Backup power and UPS - RC Microelectr\u00f3nica<\/title>\n<meta name=\"description\" content=\"Bater\u00edas de plomo AGM con tecnolog\u00eda VRLA, disponibles en 6V y 12V, con capacidades de 800 a 70000 mAh. Fiamm. Yuasa. Long. Tiger Century. Mascot...\" \/>\n<meta name=\"robots\" content=\"index, follow, max-snippet:-1, max-image-preview:large, max-video-preview:-1\" \/>\n<link rel=\"canonical\" href=\"https:\/\/rcmicro.es\/en\/product\/agm-lead-batteries\/\" \/>\n<meta property=\"og:locale\" content=\"en_US\" \/>\n<meta property=\"og:type\" content=\"article\" \/>\n<meta property=\"og:title\" content=\"AGM lead\u2011acid batteries for backup power\" \/>\n<meta property=\"og:description\" content=\"Discover our AGM batteries with VRLA technology for UPS, telecommunications and critical electronic systems. Wide range of capacities and formats. Leading brands available, including Fiamm, Long and Yuasa.\" \/>\n<meta property=\"og:url\" content=\"https:\/\/rcmicro.es\/en\/product\/agm-lead-batteries\/\" \/>\n<meta property=\"og:site_name\" content=\"RC Microelectr\u00f3nica\" \/>\n<meta property=\"article:modified_time\" content=\"2026-01-16T11:45:25+00:00\" \/>\n<meta property=\"og:image\" content=\"https:\/\/rcmicro.es\/wp-content\/uploads\/2025\/01\/Baterias-de-plomo-VRLA.png\" \/>\n<meta name=\"twitter:card\" content=\"summary_large_image\" \/>\n<meta name=\"twitter:label1\" content=\"Est. reading time\" \/>\n\t<meta name=\"twitter:data1\" content=\"1 minute\" \/>\n<script type=\"application\/ld+json\" class=\"yoast-schema-graph\">{\"@context\":\"https:\\\/\\\/schema.org\",\"@graph\":[{\"@type\":\"WebPage\",\"@id\":\"https:\\\/\\\/rcmicro.es\\\/en\\\/product\\\/agm-lead-batteries\\\/\",\"url\":\"https:\\\/\\\/rcmicro.es\\\/en\\\/product\\\/agm-lead-batteries\\\/\",\"name\":\"AGM lead\u2011acid batteries | Backup power and UPS - RC Microelectr\u00f3nica\",\"isPartOf\":{\"@id\":\"https:\\\/\\\/rcmicro.es\\\/en\\\/#website\"},\"primaryImageOfPage\":{\"@id\":\"https:\\\/\\\/rcmicro.es\\\/en\\\/product\\\/agm-lead-batteries\\\/#primaryimage\"},\"image\":{\"@id\":\"https:\\\/\\\/rcmicro.es\\\/en\\\/product\\\/agm-lead-batteries\\\/#primaryimage\"},\"thumbnailUrl\":\"https:\\\/\\\/rcmicro.es\\\/wp-content\\\/uploads\\\/2025\\\/03\\\/GA_RC-Micro_Baterias-de-plomo-AGM.png\",\"datePublished\":\"2025-01-30T14:50:31+00:00\",\"dateModified\":\"2026-01-16T11:45:25+00:00\",\"description\":\"Bater\u00edas de plomo AGM con tecnolog\u00eda VRLA, disponibles en 6V y 12V, con capacidades de 800 a 70000 mAh. Fiamm. Yuasa. Long. Tiger Century. Mascot...\",\"breadcrumb\":{\"@id\":\"https:\\\/\\\/rcmicro.es\\\/en\\\/product\\\/agm-lead-batteries\\\/#breadcrumb\"},\"inLanguage\":\"en-US\",\"potentialAction\":[{\"@type\":\"ReadAction\",\"target\":[\"https:\\\/\\\/rcmicro.es\\\/en\\\/product\\\/agm-lead-batteries\\\/\"]}]},{\"@type\":\"ImageObject\",\"inLanguage\":\"en-US\",\"@id\":\"https:\\\/\\\/rcmicro.es\\\/en\\\/product\\\/agm-lead-batteries\\\/#primaryimage\",\"url\":\"https:\\\/\\\/rcmicro.es\\\/wp-content\\\/uploads\\\/2025\\\/03\\\/GA_RC-Micro_Baterias-de-plomo-AGM.png\",\"contentUrl\":\"https:\\\/\\\/rcmicro.es\\\/wp-content\\\/uploads\\\/2025\\\/03\\\/GA_RC-Micro_Baterias-de-plomo-AGM.png\",\"width\":800,\"height\":800,\"caption\":\"AGM lead\u2011acid batteries\"},{\"@type\":\"BreadcrumbList\",\"@id\":\"https:\\\/\\\/rcmicro.es\\\/en\\\/product\\\/agm-lead-batteries\\\/#breadcrumb\",\"itemListElement\":[{\"@type\":\"ListItem\",\"position\":1,\"name\":\"Portada\",\"item\":\"https:\\\/\\\/rcmicro.es\\\/en\\\/\"},{\"@type\":\"ListItem\",\"position\":2,\"name\":\"All products\",\"item\":\"https:\\\/\\\/rcmicro.es\\\/en\\\/all-products\\\/\"},{\"@type\":\"ListItem\",\"position\":3,\"name\":\"AGM lead batteries\"}]},{\"@type\":\"WebSite\",\"@id\":\"https:\\\/\\\/rcmicro.es\\\/en\\\/#website\",\"url\":\"https:\\\/\\\/rcmicro.es\\\/en\\\/\",\"name\":\"RC Micro\",\"description\":\"\",\"publisher\":{\"@id\":\"https:\\\/\\\/rcmicro.es\\\/en\\\/#organization\"},\"potentialAction\":[{\"@type\":\"SearchAction\",\"target\":{\"@type\":\"EntryPoint\",\"urlTemplate\":\"https:\\\/\\\/rcmicro.es\\\/en\\\/?s={search_term_string}\"},\"query-input\":{\"@type\":\"PropertyValueSpecification\",\"valueRequired\":true,\"valueName\":\"search_term_string\"}}],\"inLanguage\":\"en-US\"},{\"@type\":\"Organization\",\"@id\":\"https:\\\/\\\/rcmicro.es\\\/en\\\/#organization\",\"name\":\"RC Micro\",\"url\":\"https:\\\/\\\/rcmicro.es\\\/en\\\/\",\"logo\":{\"@type\":\"ImageObject\",\"inLanguage\":\"en-US\",\"@id\":\"https:\\\/\\\/rcmicro.es\\\/en\\\/#\\\/schema\\\/logo\\\/image\\\/\",\"url\":\"https:\\\/\\\/rcmicro.es\\\/wp-content\\\/uploads\\\/2024\\\/07\\\/logo-RC-MICRO.png\",\"contentUrl\":\"https:\\\/\\\/rcmicro.es\\\/wp-content\\\/uploads\\\/2024\\\/07\\\/logo-RC-MICRO.png\",\"width\":925,\"height\":1040,\"caption\":\"RC Micro\"},\"image\":{\"@id\":\"https:\\\/\\\/rcmicro.es\\\/en\\\/#\\\/schema\\\/logo\\\/image\\\/\"},\"sameAs\":[\"https:\\\/\\\/es.linkedin.com\\\/company\\\/rcmicroelectronica\"]}]}<\/script>\n<!-- \/ Yoast SEO plugin. -->","yoast_head_json":{"title":"AGM lead\u2011acid batteries | Backup power and UPS - RC Microelectr\u00f3nica","description":"Bater\u00edas de plomo AGM con tecnolog\u00eda VRLA, disponibles en 6V y 12V, con capacidades de 800 a 70000 mAh. Fiamm. Yuasa. Long. Tiger Century. Mascot...","robots":{"index":"index","follow":"follow","max-snippet":"max-snippet:-1","max-image-preview":"max-image-preview:large","max-video-preview":"max-video-preview:-1"},"canonical":"https:\/\/rcmicro.es\/en\/product\/agm-lead-batteries\/","og_locale":"en_US","og_type":"article","og_title":"AGM lead\u2011acid batteries for backup power","og_description":"Discover our AGM batteries with VRLA technology for UPS, telecommunications and critical electronic systems. Wide range of capacities and formats. Leading brands available, including Fiamm, Long and Yuasa.","og_url":"https:\/\/rcmicro.es\/en\/product\/agm-lead-batteries\/","og_site_name":"RC Microelectr\u00f3nica","article_modified_time":"2026-01-16T11:45:25+00:00","og_image":[{"url":"https:\/\/rcmicro.es\/wp-content\/uploads\/2025\/01\/Baterias-de-plomo-VRLA.png","type":"","width":"","height":""}],"twitter_card":"summary_large_image","twitter_misc":{"Est. reading time":"1 minute"},"schema":{"@context":"https:\/\/schema.org","@graph":[{"@type":"WebPage","@id":"https:\/\/rcmicro.es\/en\/product\/agm-lead-batteries\/","url":"https:\/\/rcmicro.es\/en\/product\/agm-lead-batteries\/","name":"AGM lead\u2011acid batteries | Backup power and UPS - RC Microelectr\u00f3nica","isPartOf":{"@id":"https:\/\/rcmicro.es\/en\/#website"},"primaryImageOfPage":{"@id":"https:\/\/rcmicro.es\/en\/product\/agm-lead-batteries\/#primaryimage"},"image":{"@id":"https:\/\/rcmicro.es\/en\/product\/agm-lead-batteries\/#primaryimage"},"thumbnailUrl":"https:\/\/rcmicro.es\/wp-content\/uploads\/2025\/03\/GA_RC-Micro_Baterias-de-plomo-AGM.png","datePublished":"2025-01-30T14:50:31+00:00","dateModified":"2026-01-16T11:45:25+00:00","description":"Bater\u00edas de plomo AGM con tecnolog\u00eda VRLA, disponibles en 6V y 12V, con capacidades de 800 a 70000 mAh. Fiamm. Yuasa. Long. Tiger Century. Mascot...","breadcrumb":{"@id":"https:\/\/rcmicro.es\/en\/product\/agm-lead-batteries\/#breadcrumb"},"inLanguage":"en-US","potentialAction":[{"@type":"ReadAction","target":["https:\/\/rcmicro.es\/en\/product\/agm-lead-batteries\/"]}]},{"@type":"ImageObject","inLanguage":"en-US","@id":"https:\/\/rcmicro.es\/en\/product\/agm-lead-batteries\/#primaryimage","url":"https:\/\/rcmicro.es\/wp-content\/uploads\/2025\/03\/GA_RC-Micro_Baterias-de-plomo-AGM.png","contentUrl":"https:\/\/rcmicro.es\/wp-content\/uploads\/2025\/03\/GA_RC-Micro_Baterias-de-plomo-AGM.png","width":800,"height":800,"caption":"AGM lead\u2011acid batteries"},{"@type":"BreadcrumbList","@id":"https:\/\/rcmicro.es\/en\/product\/agm-lead-batteries\/#breadcrumb","itemListElement":[{"@type":"ListItem","position":1,"name":"Portada","item":"https:\/\/rcmicro.es\/en\/"},{"@type":"ListItem","position":2,"name":"All products","item":"https:\/\/rcmicro.es\/en\/all-products\/"},{"@type":"ListItem","position":3,"name":"AGM lead batteries"}]},{"@type":"WebSite","@id":"https:\/\/rcmicro.es\/en\/#website","url":"https:\/\/rcmicro.es\/en\/","name":"RC Micro","description":"","publisher":{"@id":"https:\/\/rcmicro.es\/en\/#organization"},"potentialAction":[{"@type":"SearchAction","target":{"@type":"EntryPoint","urlTemplate":"https:\/\/rcmicro.es\/en\/?s={search_term_string}"},"query-input":{"@type":"PropertyValueSpecification","valueRequired":true,"valueName":"search_term_string"}}],"inLanguage":"en-US"},{"@type":"Organization","@id":"https:\/\/rcmicro.es\/en\/#organization","name":"RC Micro","url":"https:\/\/rcmicro.es\/en\/","logo":{"@type":"ImageObject","inLanguage":"en-US","@id":"https:\/\/rcmicro.es\/en\/#\/schema\/logo\/image\/","url":"https:\/\/rcmicro.es\/wp-content\/uploads\/2024\/07\/logo-RC-MICRO.png","contentUrl":"https:\/\/rcmicro.es\/wp-content\/uploads\/2024\/07\/logo-RC-MICRO.png","width":925,"height":1040,"caption":"RC Micro"},"image":{"@id":"https:\/\/rcmicro.es\/en\/#\/schema\/logo\/image\/"},"sameAs":["https:\/\/es.linkedin.com\/company\/rcmicroelectronica"]}]}},"brands":[{"id":565,"name":"Fiamm","slug":"fiamm-en"},{"id":581,"name":"Long-Batteries","slug":"long-batteries-en"},{"id":587,"name":"Mascot","slug":"mascot-en"},{"id":613,"name":"Tiger-Century","slug":"tiger-century-en"},{"id":567,"name":"Yuasa","slug":"yuasa-en"}],"_links":{"self":[{"href":"https:\/\/rcmicro.es\/en\/wp-json\/wp\/v2\/product\/6937","targetHints":{"allow":["GET"]}}],"collection":[{"href":"https:\/\/rcmicro.es\/en\/wp-json\/wp\/v2\/product"}],"about":[{"href":"https:\/\/rcmicro.es\/en\/wp-json\/wp\/v2\/types\/product"}],"wp:featuredmedia":[{"embeddable":true,"href":"https:\/\/rcmicro.es\/en\/wp-json\/wp\/v2\/media\/6276"}],"wp:attachment":[{"href":"https:\/\/rcmicro.es\/en\/wp-json\/wp\/v2\/media?parent=6937"}],"wp:term":[{"taxonomy":"pwb-brand","embeddable":true,"href":"https:\/\/rcmicro.es\/en\/wp-json\/wp\/v2\/pwb-brand?post=6937"},{"taxonomy":"product_brand","embeddable":true,"href":"https:\/\/rcmicro.es\/en\/wp-json\/wp\/v2\/product_brand?post=6937"},{"taxonomy":"product_cat","embeddable":true,"href":"https:\/\/rcmicro.es\/en\/wp-json\/wp\/v2\/product_cat?post=6937"},{"taxonomy":"product_tag","embeddable":true,"href":"https:\/\/rcmicro.es\/en\/wp-json\/wp\/v2\/product_tag?post=6937"}],"curies":[{"name":"wp","href":"https:\/\/api.w.org\/{rel}","templated":true}]}}