{"id":7179,"date":"2025-01-30T15:53:14","date_gmt":"2025-01-30T14:53:14","guid":{"rendered":"https:\/\/rcmicro.es\/?post_type=product&#038;p=7179"},"modified":"2025-11-13T10:38:12","modified_gmt":"2025-11-13T09:38:12","slug":"smd-transformers","status":"publish","type":"product","link":"https:\/\/rcmicro.es\/en\/product\/smd-transformers\/","title":{"rendered":"SMD transformers"},"content":{"rendered":"<ul>\n<li>Compact size: 6\u00d76\u202fmm to 20\u00d720\u202fmm<\/li>\n<li>Frequency: up to 1\u202fMHz<\/li>\n<li>High magnetic efficiency<\/li>\n<li>Insulation: 1\u202fkV to 3\u202fkV<\/li>\n<\/ul>\n","protected":false},"excerpt":{"rendered":"<p>Compact SMD transformers for miniaturized electronic applications.<\/p>\n","protected":false},"featured_media":6431,"template":"","meta":{"site-sidebar-layout":"default","site-content-layout":"","ast-site-content-layout":"default","site-content-style":"default","site-sidebar-style":"default","ast-global-header-display":"","ast-banner-title-visibility":"","ast-main-header-display":"","ast-hfb-above-header-display":"","ast-hfb-below-header-display":"","ast-hfb-mobile-header-display":"","site-post-title":"","ast-breadcrumbs-content":"","ast-featured-img":"","footer-sml-layout":"","ast-disable-related-posts":"","theme-transparent-header-meta":"default","adv-header-id-meta":"","stick-header-meta":"","header-above-stick-meta":"","header-main-stick-meta":"","header-below-stick-meta":"","astra-migrate-meta-layouts":"set","ast-page-background-enabled":"default","ast-page-background-meta":{"desktop":{"background-color":"var(--ast-global-color-4)","background-image":"","background-repeat":"repeat","background-position":"center center","background-size":"auto","background-attachment":"scroll","background-type":"","background-media":"","overlay-type":"","overlay-color":"","overlay-opacity":"","overlay-gradient":""},"tablet":{"background-color":"","background-image":"","background-repeat":"repeat","background-position":"center center","background-size":"auto","background-attachment":"scroll","background-type":"","background-media":"","overlay-type":"","overlay-color":"","overlay-opacity":"","overlay-gradient":""},"mobile":{"background-color":"","background-image":"","background-repeat":"repeat","background-position":"center center","background-size":"auto","background-attachment":"scroll","background-type":"","background-media":"","overlay-type":"","overlay-color":"","overlay-opacity":"","overlay-gradient":""}},"ast-content-background-meta":{"desktop":{"background-color":"var(--ast-global-color-5)","background-image":"","background-repeat":"repeat","background-position":"center center","background-size":"auto","background-attachment":"scroll","background-type":"","background-media":"","overlay-type":"","overlay-color":"","overlay-opacity":"","overlay-gradient":""},"tablet":{"background-color":"var(--ast-global-color-5)","background-image":"","background-repeat":"repeat","background-position":"center center","background-size":"auto","background-attachment":"scroll","background-type":"","background-media":"","overlay-type":"","overlay-color":"","overlay-opacity":"","overlay-gradient":""},"mobile":{"background-color":"var(--ast-global-color-5)","background-image":"","background-repeat":"repeat","background-position":"center center","background-size":"auto","background-attachment":"scroll","background-type":"","background-media":"","overlay-type":"","overlay-color":"","overlay-opacity":"","overlay-gradient":""}},"_mbp_gutenberg_autopost":false},"pwb-brand":[583],"product_brand":[],"product_cat":[516,521],"product_tag":[539,540,536],"class_list":{"0":"post-7179","1":"product","2":"type-product","3":"status-publish","4":"has-post-thumbnail","6":"pwb-brand-link-pp-en","7":"product_cat-passive-components","8":"product_cat-transformers","9":"product_tag-communications-iot","10":"product_tag-consumer","11":"product_tag-industrial-en","12":"pa_marca-link-pp","13":"desktop-align-center","14":"tablet-align-left","15":"mobile-align-left","17":"first","18":"instock","19":"shipping-taxable","20":"product-type-simple"},"yoast_head":"<!-- This site is optimized with the Yoast SEO plugin v27.4 - https:\/\/yoast.com\/product\/yoast-seo-wordpress\/ -->\n<title>Link-PP SMD transformers for miniaturized electronics - RC Microelectr\u00f3nica<\/title>\n<meta name=\"description\" content=\"Compact SMD transformers from Link-PP with high magnetic efficiency. Sizes from 6\u00d76 to 20\u00d720\u202fmm, up to 1\u202fMHz and insulation from 1\u202fkV to 3\u202fkV.\" \/>\n<meta name=\"robots\" content=\"index, follow, max-snippet:-1, max-image-preview:large, max-video-preview:-1\" \/>\n<link rel=\"canonical\" href=\"https:\/\/rcmicro.es\/en\/product\/smd-transformers\/\" \/>\n<meta property=\"og:locale\" content=\"en_US\" \/>\n<meta property=\"og:type\" content=\"article\" \/>\n<meta property=\"og:title\" content=\"Compact Link-PP SMD transformers for miniaturized designs - RC Microelectr\u00f3nica\" \/>\n<meta property=\"og:description\" content=\"Link-PP SMD transformers for compact electronic applications. High magnetic efficiency, insulation up to 3\u202fkV, and frequency up to 1\u202fMHz.\" \/>\n<meta property=\"og:url\" content=\"https:\/\/rcmicro.es\/en\/product\/smd-transformers\/\" \/>\n<meta property=\"og:site_name\" content=\"RC Microelectr\u00f3nica\" \/>\n<meta property=\"article:modified_time\" content=\"2025-11-13T09:38:12+00:00\" \/>\n<meta property=\"og:image\" content=\"https:\/\/rcmicro.es\/wp-content\/uploads\/2025\/01\/GA_RC-Micro_Transformadores-SMD-300x300.png\" \/>\n<meta name=\"twitter:card\" content=\"summary_large_image\" \/>\n<meta name=\"twitter:label1\" content=\"Est. reading time\" \/>\n\t<meta name=\"twitter:data1\" content=\"1 minute\" \/>\n<script type=\"application\/ld+json\" class=\"yoast-schema-graph\">{\"@context\":\"https:\\\/\\\/schema.org\",\"@graph\":[{\"@type\":\"WebPage\",\"@id\":\"https:\\\/\\\/rcmicro.es\\\/en\\\/product\\\/smd-transformers\\\/\",\"url\":\"https:\\\/\\\/rcmicro.es\\\/en\\\/product\\\/smd-transformers\\\/\",\"name\":\"Link-PP SMD transformers for miniaturized electronics - RC Microelectr\u00f3nica\",\"isPartOf\":{\"@id\":\"https:\\\/\\\/rcmicro.es\\\/en\\\/#website\"},\"primaryImageOfPage\":{\"@id\":\"https:\\\/\\\/rcmicro.es\\\/en\\\/product\\\/smd-transformers\\\/#primaryimage\"},\"image\":{\"@id\":\"https:\\\/\\\/rcmicro.es\\\/en\\\/product\\\/smd-transformers\\\/#primaryimage\"},\"thumbnailUrl\":\"https:\\\/\\\/rcmicro.es\\\/wp-content\\\/uploads\\\/2025\\\/01\\\/GA_RC-Micro_Transformadores-SMD.png\",\"datePublished\":\"2025-01-30T14:53:14+00:00\",\"dateModified\":\"2025-11-13T09:38:12+00:00\",\"description\":\"Compact SMD transformers from Link-PP with high magnetic efficiency. Sizes from 6\u00d76 to 20\u00d720\u202fmm, up to 1\u202fMHz and insulation from 1\u202fkV to 3\u202fkV.\",\"breadcrumb\":{\"@id\":\"https:\\\/\\\/rcmicro.es\\\/en\\\/product\\\/smd-transformers\\\/#breadcrumb\"},\"inLanguage\":\"en-US\",\"potentialAction\":[{\"@type\":\"ReadAction\",\"target\":[\"https:\\\/\\\/rcmicro.es\\\/en\\\/product\\\/smd-transformers\\\/\"]}]},{\"@type\":\"ImageObject\",\"inLanguage\":\"en-US\",\"@id\":\"https:\\\/\\\/rcmicro.es\\\/en\\\/product\\\/smd-transformers\\\/#primaryimage\",\"url\":\"https:\\\/\\\/rcmicro.es\\\/wp-content\\\/uploads\\\/2025\\\/01\\\/GA_RC-Micro_Transformadores-SMD.png\",\"contentUrl\":\"https:\\\/\\\/rcmicro.es\\\/wp-content\\\/uploads\\\/2025\\\/01\\\/GA_RC-Micro_Transformadores-SMD.png\",\"width\":800,\"height\":800,\"caption\":\"SMD transformers\"},{\"@type\":\"BreadcrumbList\",\"@id\":\"https:\\\/\\\/rcmicro.es\\\/en\\\/product\\\/smd-transformers\\\/#breadcrumb\",\"itemListElement\":[{\"@type\":\"ListItem\",\"position\":1,\"name\":\"Portada\",\"item\":\"https:\\\/\\\/rcmicro.es\\\/en\\\/\"},{\"@type\":\"ListItem\",\"position\":2,\"name\":\"All products\",\"item\":\"https:\\\/\\\/rcmicro.es\\\/en\\\/all-products\\\/\"},{\"@type\":\"ListItem\",\"position\":3,\"name\":\"SMD transformers\"}]},{\"@type\":\"WebSite\",\"@id\":\"https:\\\/\\\/rcmicro.es\\\/en\\\/#website\",\"url\":\"https:\\\/\\\/rcmicro.es\\\/en\\\/\",\"name\":\"RC Micro\",\"description\":\"\",\"publisher\":{\"@id\":\"https:\\\/\\\/rcmicro.es\\\/en\\\/#organization\"},\"potentialAction\":[{\"@type\":\"SearchAction\",\"target\":{\"@type\":\"EntryPoint\",\"urlTemplate\":\"https:\\\/\\\/rcmicro.es\\\/en\\\/?s={search_term_string}\"},\"query-input\":{\"@type\":\"PropertyValueSpecification\",\"valueRequired\":true,\"valueName\":\"search_term_string\"}}],\"inLanguage\":\"en-US\"},{\"@type\":\"Organization\",\"@id\":\"https:\\\/\\\/rcmicro.es\\\/en\\\/#organization\",\"name\":\"RC Micro\",\"url\":\"https:\\\/\\\/rcmicro.es\\\/en\\\/\",\"logo\":{\"@type\":\"ImageObject\",\"inLanguage\":\"en-US\",\"@id\":\"https:\\\/\\\/rcmicro.es\\\/en\\\/#\\\/schema\\\/logo\\\/image\\\/\",\"url\":\"https:\\\/\\\/rcmicro.es\\\/wp-content\\\/uploads\\\/2024\\\/07\\\/logo-RC-MICRO.png\",\"contentUrl\":\"https:\\\/\\\/rcmicro.es\\\/wp-content\\\/uploads\\\/2024\\\/07\\\/logo-RC-MICRO.png\",\"width\":925,\"height\":1040,\"caption\":\"RC Micro\"},\"image\":{\"@id\":\"https:\\\/\\\/rcmicro.es\\\/en\\\/#\\\/schema\\\/logo\\\/image\\\/\"},\"sameAs\":[\"https:\\\/\\\/es.linkedin.com\\\/company\\\/rcmicroelectronica\"]}]}<\/script>\n<!-- \/ Yoast SEO plugin. -->","yoast_head_json":{"title":"Link-PP SMD transformers for miniaturized electronics - RC Microelectr\u00f3nica","description":"Compact SMD transformers from Link-PP with high magnetic efficiency. Sizes from 6\u00d76 to 20\u00d720\u202fmm, up to 1\u202fMHz and insulation from 1\u202fkV to 3\u202fkV.","robots":{"index":"index","follow":"follow","max-snippet":"max-snippet:-1","max-image-preview":"max-image-preview:large","max-video-preview":"max-video-preview:-1"},"canonical":"https:\/\/rcmicro.es\/en\/product\/smd-transformers\/","og_locale":"en_US","og_type":"article","og_title":"Compact Link-PP SMD transformers for miniaturized designs - RC Microelectr\u00f3nica","og_description":"Link-PP SMD transformers for compact electronic applications. High magnetic efficiency, insulation up to 3\u202fkV, and frequency up to 1\u202fMHz.","og_url":"https:\/\/rcmicro.es\/en\/product\/smd-transformers\/","og_site_name":"RC Microelectr\u00f3nica","article_modified_time":"2025-11-13T09:38:12+00:00","og_image":[{"url":"https:\/\/rcmicro.es\/wp-content\/uploads\/2025\/01\/GA_RC-Micro_Transformadores-SMD-300x300.png","type":"","width":"","height":""}],"twitter_card":"summary_large_image","twitter_misc":{"Est. reading time":"1 minute"},"schema":{"@context":"https:\/\/schema.org","@graph":[{"@type":"WebPage","@id":"https:\/\/rcmicro.es\/en\/product\/smd-transformers\/","url":"https:\/\/rcmicro.es\/en\/product\/smd-transformers\/","name":"Link-PP SMD transformers for miniaturized electronics - RC Microelectr\u00f3nica","isPartOf":{"@id":"https:\/\/rcmicro.es\/en\/#website"},"primaryImageOfPage":{"@id":"https:\/\/rcmicro.es\/en\/product\/smd-transformers\/#primaryimage"},"image":{"@id":"https:\/\/rcmicro.es\/en\/product\/smd-transformers\/#primaryimage"},"thumbnailUrl":"https:\/\/rcmicro.es\/wp-content\/uploads\/2025\/01\/GA_RC-Micro_Transformadores-SMD.png","datePublished":"2025-01-30T14:53:14+00:00","dateModified":"2025-11-13T09:38:12+00:00","description":"Compact SMD transformers from Link-PP with high magnetic efficiency. Sizes from 6\u00d76 to 20\u00d720\u202fmm, up to 1\u202fMHz and insulation from 1\u202fkV to 3\u202fkV.","breadcrumb":{"@id":"https:\/\/rcmicro.es\/en\/product\/smd-transformers\/#breadcrumb"},"inLanguage":"en-US","potentialAction":[{"@type":"ReadAction","target":["https:\/\/rcmicro.es\/en\/product\/smd-transformers\/"]}]},{"@type":"ImageObject","inLanguage":"en-US","@id":"https:\/\/rcmicro.es\/en\/product\/smd-transformers\/#primaryimage","url":"https:\/\/rcmicro.es\/wp-content\/uploads\/2025\/01\/GA_RC-Micro_Transformadores-SMD.png","contentUrl":"https:\/\/rcmicro.es\/wp-content\/uploads\/2025\/01\/GA_RC-Micro_Transformadores-SMD.png","width":800,"height":800,"caption":"SMD transformers"},{"@type":"BreadcrumbList","@id":"https:\/\/rcmicro.es\/en\/product\/smd-transformers\/#breadcrumb","itemListElement":[{"@type":"ListItem","position":1,"name":"Portada","item":"https:\/\/rcmicro.es\/en\/"},{"@type":"ListItem","position":2,"name":"All products","item":"https:\/\/rcmicro.es\/en\/all-products\/"},{"@type":"ListItem","position":3,"name":"SMD transformers"}]},{"@type":"WebSite","@id":"https:\/\/rcmicro.es\/en\/#website","url":"https:\/\/rcmicro.es\/en\/","name":"RC Micro","description":"","publisher":{"@id":"https:\/\/rcmicro.es\/en\/#organization"},"potentialAction":[{"@type":"SearchAction","target":{"@type":"EntryPoint","urlTemplate":"https:\/\/rcmicro.es\/en\/?s={search_term_string}"},"query-input":{"@type":"PropertyValueSpecification","valueRequired":true,"valueName":"search_term_string"}}],"inLanguage":"en-US"},{"@type":"Organization","@id":"https:\/\/rcmicro.es\/en\/#organization","name":"RC Micro","url":"https:\/\/rcmicro.es\/en\/","logo":{"@type":"ImageObject","inLanguage":"en-US","@id":"https:\/\/rcmicro.es\/en\/#\/schema\/logo\/image\/","url":"https:\/\/rcmicro.es\/wp-content\/uploads\/2024\/07\/logo-RC-MICRO.png","contentUrl":"https:\/\/rcmicro.es\/wp-content\/uploads\/2024\/07\/logo-RC-MICRO.png","width":925,"height":1040,"caption":"RC Micro"},"image":{"@id":"https:\/\/rcmicro.es\/en\/#\/schema\/logo\/image\/"},"sameAs":["https:\/\/es.linkedin.com\/company\/rcmicroelectronica"]}]}},"brands":[{"id":583,"name":"Link-pp","slug":"link-pp-en"}],"_links":{"self":[{"href":"https:\/\/rcmicro.es\/en\/wp-json\/wp\/v2\/product\/7179","targetHints":{"allow":["GET"]}}],"collection":[{"href":"https:\/\/rcmicro.es\/en\/wp-json\/wp\/v2\/product"}],"about":[{"href":"https:\/\/rcmicro.es\/en\/wp-json\/wp\/v2\/types\/product"}],"wp:featuredmedia":[{"embeddable":true,"href":"https:\/\/rcmicro.es\/en\/wp-json\/wp\/v2\/media\/6431"}],"wp:attachment":[{"href":"https:\/\/rcmicro.es\/en\/wp-json\/wp\/v2\/media?parent=7179"}],"wp:term":[{"taxonomy":"pwb-brand","embeddable":true,"href":"https:\/\/rcmicro.es\/en\/wp-json\/wp\/v2\/pwb-brand?post=7179"},{"taxonomy":"product_brand","embeddable":true,"href":"https:\/\/rcmicro.es\/en\/wp-json\/wp\/v2\/product_brand?post=7179"},{"taxonomy":"product_cat","embeddable":true,"href":"https:\/\/rcmicro.es\/en\/wp-json\/wp\/v2\/product_cat?post=7179"},{"taxonomy":"product_tag","embeddable":true,"href":"https:\/\/rcmicro.es\/en\/wp-json\/wp\/v2\/product_tag?post=7179"}],"curies":[{"name":"wp","href":"https:\/\/api.w.org\/{rel}","templated":true}]}}