{"id":7184,"date":"2025-01-30T15:53:16","date_gmt":"2025-01-30T14:53:16","guid":{"rendered":"https:\/\/rcmicro.es\/?post_type=product&#038;p=7184"},"modified":"2025-09-05T08:47:33","modified_gmt":"2025-09-05T06:47:33","slug":"transient-voltage-suppressors-tvs","status":"publish","type":"product","link":"https:\/\/rcmicro.es\/en\/product\/transient-voltage-suppressors-tvs\/","title":{"rendered":"Transient voltage suppressors (TVS)"},"content":{"rendered":"<ul>\n<li>Technologies: TVS (Transient Voltage Suppressors), Unidirectional (UNIDIR), Bidirectional (BIDIR), Axial, SMD, SMB, MELF, SMA, MicroSMP<\/li>\n<li>Voltages: 6\u202fV \u2013 600\u202fV<\/li>\n<li>Power ratings: 400\u202fW \u2013 1,500\u202fW<\/li>\n<li>Configurations: Axial, SMD, SMB, MELF, TO-92, DO-218AB, MicroSMP<\/li>\n<li>Other features: Voltage spike protection, RoHS compliant, high response speed, high energy absorption capacity, electronic circuit protection, low capacitance, high reliability<\/li>\n<li>Applications: Circuit protection, power electronics, telecommunications, energy systems, overvoltage protection devices, electronic equipment, automotive system protection<\/li>\n<\/ul>\n","protected":false},"excerpt":{"rendered":"<p>Dispositivos que protegen los circuitos electr\u00f3nicos contra picos y sobretensiones, garantizando una protecci\u00f3n eficaz y duradera en telecomunicaciones, energ\u00eda y equipos industriales.<\/p>\n","protected":false},"featured_media":12651,"template":"","meta":{"site-sidebar-layout":"default","site-content-layout":"","ast-site-content-layout":"default","site-content-style":"default","site-sidebar-style":"default","ast-global-header-display":"","ast-banner-title-visibility":"","ast-main-header-display":"","ast-hfb-above-header-display":"","ast-hfb-below-header-display":"","ast-hfb-mobile-header-display":"","site-post-title":"","ast-breadcrumbs-content":"","ast-featured-img":"","footer-sml-layout":"","ast-disable-related-posts":"","theme-transparent-header-meta":"default","adv-header-id-meta":"","stick-header-meta":"","header-above-stick-meta":"","header-main-stick-meta":"","header-below-stick-meta":"","astra-migrate-meta-layouts":"set","ast-page-background-enabled":"default","ast-page-background-meta":{"desktop":{"background-color":"var(--ast-global-color-4)","background-image":"","background-repeat":"repeat","background-position":"center center","background-size":"auto","background-attachment":"scroll","background-type":"","background-media":"","overlay-type":"","overlay-color":"","overlay-opacity":"","overlay-gradient":""},"tablet":{"background-color":"","background-image":"","background-repeat":"repeat","background-position":"center center","background-size":"auto","background-attachment":"scroll","background-type":"","background-media":"","overlay-type":"","overlay-color":"","overlay-opacity":"","overlay-gradient":""},"mobile":{"background-color":"","background-image":"","background-repeat":"repeat","background-position":"center center","background-size":"auto","background-attachment":"scroll","background-type":"","background-media":"","overlay-type":"","overlay-color":"","overlay-opacity":"","overlay-gradient":""}},"ast-content-background-meta":{"desktop":{"background-color":"var(--ast-global-color-5)","background-image":"","background-repeat":"repeat","background-position":"center center","background-size":"auto","background-attachment":"scroll","background-type":"","background-media":"","overlay-type":"","overlay-color":"","overlay-opacity":"","overlay-gradient":""},"tablet":{"background-color":"var(--ast-global-color-5)","background-image":"","background-repeat":"repeat","background-position":"center center","background-size":"auto","background-attachment":"scroll","background-type":"","background-media":"","overlay-type":"","overlay-color":"","overlay-opacity":"","overlay-gradient":""},"mobile":{"background-color":"var(--ast-global-color-5)","background-image":"","background-repeat":"repeat","background-position":"center center","background-size":"auto","background-attachment":"scroll","background-type":"","background-media":"","overlay-type":"","overlay-color":"","overlay-opacity":"","overlay-gradient":""}},"_mbp_gutenberg_autopost":false},"pwb-brand":[615],"product_brand":[],"product_cat":[524,522],"product_tag":[538],"class_list":{"0":"post-7184","1":"product","2":"type-product","3":"status-publish","4":"has-post-thumbnail","6":"pwb-brand-vishay-en","7":"product_cat-diodes-and-rectifiers","8":"product_cat-semiconductors","9":"product_tag-instrumentation-medical","10":"pa_marca-vishay","11":"desktop-align-center","12":"tablet-align-left","13":"mobile-align-left","15":"first","16":"instock","17":"shipping-taxable","18":"product-type-simple"},"yoast_head":"<!-- This site is optimized with the Yoast SEO plugin v27.4 - https:\/\/yoast.com\/product\/yoast-seo-wordpress\/ -->\n<title>Transient voltage suppressors (TVS)<\/title>\n<meta name=\"description\" content=\"Transient voltage suppressors (TVS) provide protection against voltage spikes in electronic circuits. Power ratings from 400W to 1500W.\" \/>\n<meta name=\"robots\" content=\"index, follow, max-snippet:-1, max-image-preview:large, max-video-preview:-1\" \/>\n<link rel=\"canonical\" href=\"https:\/\/rcmicro.es\/en\/product\/transient-voltage-suppressors-tvs\/\" \/>\n<meta property=\"og:locale\" content=\"en_US\" \/>\n<meta property=\"og:type\" content=\"article\" \/>\n<meta property=\"og:title\" content=\"Transient voltage suppressors (TVS)\" \/>\n<meta property=\"og:description\" content=\"Transient voltage suppressors (TVS) provide protection against voltage spikes in electronic circuits. Power ratings from 400W to 1500W.\" \/>\n<meta property=\"og:url\" content=\"https:\/\/rcmicro.es\/en\/product\/transient-voltage-suppressors-tvs\/\" \/>\n<meta property=\"og:site_name\" content=\"RC Microelectr\u00f3nica\" \/>\n<meta property=\"article:modified_time\" content=\"2025-09-05T06:47:33+00:00\" \/>\n<meta property=\"og:image\" content=\"https:\/\/rcmicro.es\/wp-content\/uploads\/2025\/01\/GA_RC-Micro_Supresores-de-tension-transitoria-TVS.png\" \/>\n\t<meta property=\"og:image:width\" content=\"800\" \/>\n\t<meta property=\"og:image:height\" content=\"800\" \/>\n\t<meta property=\"og:image:type\" content=\"image\/png\" \/>\n<meta name=\"twitter:card\" content=\"summary_large_image\" \/>\n<meta name=\"twitter:label1\" content=\"Est. reading time\" \/>\n\t<meta name=\"twitter:data1\" content=\"1 minute\" \/>\n<script type=\"application\/ld+json\" class=\"yoast-schema-graph\">{\"@context\":\"https:\\\/\\\/schema.org\",\"@graph\":[{\"@type\":\"WebPage\",\"@id\":\"https:\\\/\\\/rcmicro.es\\\/en\\\/product\\\/transient-voltage-suppressors-tvs\\\/\",\"url\":\"https:\\\/\\\/rcmicro.es\\\/en\\\/product\\\/transient-voltage-suppressors-tvs\\\/\",\"name\":\"Transient voltage suppressors (TVS)\",\"isPartOf\":{\"@id\":\"https:\\\/\\\/rcmicro.es\\\/en\\\/#website\"},\"primaryImageOfPage\":{\"@id\":\"https:\\\/\\\/rcmicro.es\\\/en\\\/product\\\/transient-voltage-suppressors-tvs\\\/#primaryimage\"},\"image\":{\"@id\":\"https:\\\/\\\/rcmicro.es\\\/en\\\/product\\\/transient-voltage-suppressors-tvs\\\/#primaryimage\"},\"thumbnailUrl\":\"https:\\\/\\\/rcmicro.es\\\/wp-content\\\/uploads\\\/2025\\\/01\\\/GA_RC-Micro_Supresores-de-tension-transitoria-TVS.webp\",\"datePublished\":\"2025-01-30T14:53:16+00:00\",\"dateModified\":\"2025-09-05T06:47:33+00:00\",\"description\":\"Transient voltage suppressors (TVS) provide protection against voltage spikes in electronic circuits. Power ratings from 400W to 1500W.\",\"breadcrumb\":{\"@id\":\"https:\\\/\\\/rcmicro.es\\\/en\\\/product\\\/transient-voltage-suppressors-tvs\\\/#breadcrumb\"},\"inLanguage\":\"en-US\",\"potentialAction\":[{\"@type\":\"ReadAction\",\"target\":[\"https:\\\/\\\/rcmicro.es\\\/en\\\/product\\\/transient-voltage-suppressors-tvs\\\/\"]}]},{\"@type\":\"ImageObject\",\"inLanguage\":\"en-US\",\"@id\":\"https:\\\/\\\/rcmicro.es\\\/en\\\/product\\\/transient-voltage-suppressors-tvs\\\/#primaryimage\",\"url\":\"https:\\\/\\\/rcmicro.es\\\/wp-content\\\/uploads\\\/2025\\\/01\\\/GA_RC-Micro_Supresores-de-tension-transitoria-TVS.webp\",\"contentUrl\":\"https:\\\/\\\/rcmicro.es\\\/wp-content\\\/uploads\\\/2025\\\/01\\\/GA_RC-Micro_Supresores-de-tension-transitoria-TVS.webp\",\"width\":800,\"height\":800,\"caption\":\"Supresores de tensi\u00f3n transitoria (TVS)\"},{\"@type\":\"BreadcrumbList\",\"@id\":\"https:\\\/\\\/rcmicro.es\\\/en\\\/product\\\/transient-voltage-suppressors-tvs\\\/#breadcrumb\",\"itemListElement\":[{\"@type\":\"ListItem\",\"position\":1,\"name\":\"Portada\",\"item\":\"https:\\\/\\\/rcmicro.es\\\/en\\\/\"},{\"@type\":\"ListItem\",\"position\":2,\"name\":\"All products\",\"item\":\"https:\\\/\\\/rcmicro.es\\\/en\\\/all-products\\\/\"},{\"@type\":\"ListItem\",\"position\":3,\"name\":\"Transient voltage suppressors (TVS)\"}]},{\"@type\":\"WebSite\",\"@id\":\"https:\\\/\\\/rcmicro.es\\\/en\\\/#website\",\"url\":\"https:\\\/\\\/rcmicro.es\\\/en\\\/\",\"name\":\"RC Micro\",\"description\":\"\",\"publisher\":{\"@id\":\"https:\\\/\\\/rcmicro.es\\\/en\\\/#organization\"},\"potentialAction\":[{\"@type\":\"SearchAction\",\"target\":{\"@type\":\"EntryPoint\",\"urlTemplate\":\"https:\\\/\\\/rcmicro.es\\\/en\\\/?s={search_term_string}\"},\"query-input\":{\"@type\":\"PropertyValueSpecification\",\"valueRequired\":true,\"valueName\":\"search_term_string\"}}],\"inLanguage\":\"en-US\"},{\"@type\":\"Organization\",\"@id\":\"https:\\\/\\\/rcmicro.es\\\/en\\\/#organization\",\"name\":\"RC Micro\",\"url\":\"https:\\\/\\\/rcmicro.es\\\/en\\\/\",\"logo\":{\"@type\":\"ImageObject\",\"inLanguage\":\"en-US\",\"@id\":\"https:\\\/\\\/rcmicro.es\\\/en\\\/#\\\/schema\\\/logo\\\/image\\\/\",\"url\":\"https:\\\/\\\/rcmicro.es\\\/wp-content\\\/uploads\\\/2024\\\/07\\\/logo-RC-MICRO.png\",\"contentUrl\":\"https:\\\/\\\/rcmicro.es\\\/wp-content\\\/uploads\\\/2024\\\/07\\\/logo-RC-MICRO.png\",\"width\":925,\"height\":1040,\"caption\":\"RC Micro\"},\"image\":{\"@id\":\"https:\\\/\\\/rcmicro.es\\\/en\\\/#\\\/schema\\\/logo\\\/image\\\/\"},\"sameAs\":[\"https:\\\/\\\/es.linkedin.com\\\/company\\\/rcmicroelectronica\"]}]}<\/script>\n<!-- \/ Yoast SEO plugin. -->","yoast_head_json":{"title":"Transient voltage suppressors (TVS)","description":"Transient voltage suppressors (TVS) provide protection against voltage spikes in electronic circuits. Power ratings from 400W to 1500W.","robots":{"index":"index","follow":"follow","max-snippet":"max-snippet:-1","max-image-preview":"max-image-preview:large","max-video-preview":"max-video-preview:-1"},"canonical":"https:\/\/rcmicro.es\/en\/product\/transient-voltage-suppressors-tvs\/","og_locale":"en_US","og_type":"article","og_title":"Transient voltage suppressors (TVS)","og_description":"Transient voltage suppressors (TVS) provide protection against voltage spikes in electronic circuits. Power ratings from 400W to 1500W.","og_url":"https:\/\/rcmicro.es\/en\/product\/transient-voltage-suppressors-tvs\/","og_site_name":"RC Microelectr\u00f3nica","article_modified_time":"2025-09-05T06:47:33+00:00","og_image":[{"width":800,"height":800,"url":"https:\/\/rcmicro.es\/wp-content\/uploads\/2025\/01\/GA_RC-Micro_Supresores-de-tension-transitoria-TVS.png","type":"image\/png"}],"twitter_card":"summary_large_image","twitter_misc":{"Est. reading time":"1 minute"},"schema":{"@context":"https:\/\/schema.org","@graph":[{"@type":"WebPage","@id":"https:\/\/rcmicro.es\/en\/product\/transient-voltage-suppressors-tvs\/","url":"https:\/\/rcmicro.es\/en\/product\/transient-voltage-suppressors-tvs\/","name":"Transient voltage suppressors (TVS)","isPartOf":{"@id":"https:\/\/rcmicro.es\/en\/#website"},"primaryImageOfPage":{"@id":"https:\/\/rcmicro.es\/en\/product\/transient-voltage-suppressors-tvs\/#primaryimage"},"image":{"@id":"https:\/\/rcmicro.es\/en\/product\/transient-voltage-suppressors-tvs\/#primaryimage"},"thumbnailUrl":"https:\/\/rcmicro.es\/wp-content\/uploads\/2025\/01\/GA_RC-Micro_Supresores-de-tension-transitoria-TVS.webp","datePublished":"2025-01-30T14:53:16+00:00","dateModified":"2025-09-05T06:47:33+00:00","description":"Transient voltage suppressors (TVS) provide protection against voltage spikes in electronic circuits. Power ratings from 400W to 1500W.","breadcrumb":{"@id":"https:\/\/rcmicro.es\/en\/product\/transient-voltage-suppressors-tvs\/#breadcrumb"},"inLanguage":"en-US","potentialAction":[{"@type":"ReadAction","target":["https:\/\/rcmicro.es\/en\/product\/transient-voltage-suppressors-tvs\/"]}]},{"@type":"ImageObject","inLanguage":"en-US","@id":"https:\/\/rcmicro.es\/en\/product\/transient-voltage-suppressors-tvs\/#primaryimage","url":"https:\/\/rcmicro.es\/wp-content\/uploads\/2025\/01\/GA_RC-Micro_Supresores-de-tension-transitoria-TVS.webp","contentUrl":"https:\/\/rcmicro.es\/wp-content\/uploads\/2025\/01\/GA_RC-Micro_Supresores-de-tension-transitoria-TVS.webp","width":800,"height":800,"caption":"Supresores de tensi\u00f3n transitoria (TVS)"},{"@type":"BreadcrumbList","@id":"https:\/\/rcmicro.es\/en\/product\/transient-voltage-suppressors-tvs\/#breadcrumb","itemListElement":[{"@type":"ListItem","position":1,"name":"Portada","item":"https:\/\/rcmicro.es\/en\/"},{"@type":"ListItem","position":2,"name":"All products","item":"https:\/\/rcmicro.es\/en\/all-products\/"},{"@type":"ListItem","position":3,"name":"Transient voltage suppressors (TVS)"}]},{"@type":"WebSite","@id":"https:\/\/rcmicro.es\/en\/#website","url":"https:\/\/rcmicro.es\/en\/","name":"RC Micro","description":"","publisher":{"@id":"https:\/\/rcmicro.es\/en\/#organization"},"potentialAction":[{"@type":"SearchAction","target":{"@type":"EntryPoint","urlTemplate":"https:\/\/rcmicro.es\/en\/?s={search_term_string}"},"query-input":{"@type":"PropertyValueSpecification","valueRequired":true,"valueName":"search_term_string"}}],"inLanguage":"en-US"},{"@type":"Organization","@id":"https:\/\/rcmicro.es\/en\/#organization","name":"RC Micro","url":"https:\/\/rcmicro.es\/en\/","logo":{"@type":"ImageObject","inLanguage":"en-US","@id":"https:\/\/rcmicro.es\/en\/#\/schema\/logo\/image\/","url":"https:\/\/rcmicro.es\/wp-content\/uploads\/2024\/07\/logo-RC-MICRO.png","contentUrl":"https:\/\/rcmicro.es\/wp-content\/uploads\/2024\/07\/logo-RC-MICRO.png","width":925,"height":1040,"caption":"RC Micro"},"image":{"@id":"https:\/\/rcmicro.es\/en\/#\/schema\/logo\/image\/"},"sameAs":["https:\/\/es.linkedin.com\/company\/rcmicroelectronica"]}]}},"brands":[{"id":615,"name":"Vishay","slug":"vishay-en"}],"_links":{"self":[{"href":"https:\/\/rcmicro.es\/en\/wp-json\/wp\/v2\/product\/7184","targetHints":{"allow":["GET"]}}],"collection":[{"href":"https:\/\/rcmicro.es\/en\/wp-json\/wp\/v2\/product"}],"about":[{"href":"https:\/\/rcmicro.es\/en\/wp-json\/wp\/v2\/types\/product"}],"wp:featuredmedia":[{"embeddable":true,"href":"https:\/\/rcmicro.es\/en\/wp-json\/wp\/v2\/media\/12651"}],"wp:attachment":[{"href":"https:\/\/rcmicro.es\/en\/wp-json\/wp\/v2\/media?parent=7184"}],"wp:term":[{"taxonomy":"pwb-brand","embeddable":true,"href":"https:\/\/rcmicro.es\/en\/wp-json\/wp\/v2\/pwb-brand?post=7184"},{"taxonomy":"product_brand","embeddable":true,"href":"https:\/\/rcmicro.es\/en\/wp-json\/wp\/v2\/product_brand?post=7184"},{"taxonomy":"product_cat","embeddable":true,"href":"https:\/\/rcmicro.es\/en\/wp-json\/wp\/v2\/product_cat?post=7184"},{"taxonomy":"product_tag","embeddable":true,"href":"https:\/\/rcmicro.es\/en\/wp-json\/wp\/v2\/product_tag?post=7184"}],"curies":[{"name":"wp","href":"https:\/\/api.w.org\/{rel}","templated":true}]}}