{"id":7189,"date":"2025-01-30T15:53:19","date_gmt":"2025-01-30T14:53:19","guid":{"rendered":"https:\/\/rcmicro.es\/?post_type=product&#038;p=7189"},"modified":"2026-01-16T11:51:37","modified_gmt":"2026-01-16T10:51:37","slug":"lcd-displays","status":"publish","type":"product","link":"https:\/\/rcmicro.es\/en\/product\/lcd-displays\/","title":{"rendered":"LCD displays"},"content":{"rendered":"<p data-start=\"437\" data-end=\"665\">LCD displays provide a reliable, low\u2011power solution for data visualization in electronic systems, especially in applications where long\u2011term readability, stability, and durability are essential.<\/p>\n<p data-start=\"667\" data-end=\"1023\">We offer displays using <strong data-start=\"695\" data-end=\"737\">LCD, STN, FSTN, COG, and OLED technologies<\/strong>, with formats ranging from <strong data-start=\"765\" data-end=\"786\">8\u00d72<\/strong> up to <strong data-start=\"765\" data-end=\"786\">320\u00d7240<\/strong>, including widely used sizes such as <strong data-start=\"835\" data-end=\"867\">128\u00d764, 240\u00d7128, 20\u00d74, and 40\u00d72<\/strong>. Options include <strong data-start=\"900\" data-end=\"918\">monochrome<\/strong> versions (yellow\u2011green, white, gray, or black), <strong data-start=\"959\" data-end=\"990\">RGB<\/strong> for graphic displays, and OLED modules in various colors. <\/p>\n<p data-start=\"1025\" data-end=\"1358\">Depending on the display technology, they offer different viewing angles, with significant improvements in <strong>FSTN and COG<\/strong>, and full visibility <strong>in OLED<\/strong>. They feature <strong data-start=\"1170\" data-end=\"1194\">LED backlighting<\/strong> in various colors, an extended operating temperature range from <strong data-start=\"1214\" data-end=\"1267\">\u221220\u202f\u00b0C to +70\u202f\u00b0C<\/strong>, and compliance with standards such as <strong data-start=\"1302\" data-end=\"1310\">RoHS<\/strong>, making them suitable for demanding environments. <\/p>\n<p data-start=\"1025\" data-end=\"1358\">Commonly used in instrumentation, control systems, meters, communications equipment, and industrial devices.<\/p>\n","protected":false},"excerpt":{"rendered":"<p>LCD displays for user interfaces in electronic systems, instrumentation, and industrial equipment.<\/p>\n","protected":false},"featured_media":12661,"template":"","meta":{"site-sidebar-layout":"default","site-content-layout":"","ast-site-content-layout":"default","site-content-style":"default","site-sidebar-style":"default","ast-global-header-display":"","ast-banner-title-visibility":"","ast-main-header-display":"","ast-hfb-above-header-display":"","ast-hfb-below-header-display":"","ast-hfb-mobile-header-display":"","site-post-title":"","ast-breadcrumbs-content":"","ast-featured-img":"","footer-sml-layout":"","ast-disable-related-posts":"","theme-transparent-header-meta":"default","adv-header-id-meta":"","stick-header-meta":"","header-above-stick-meta":"","header-main-stick-meta":"","header-below-stick-meta":"","astra-migrate-meta-layouts":"set","ast-page-background-enabled":"default","ast-page-background-meta":{"desktop":{"background-color":"var(--ast-global-color-4)","background-image":"","background-repeat":"repeat","background-position":"center center","background-size":"auto","background-attachment":"scroll","background-type":"","background-media":"","overlay-type":"","overlay-color":"","overlay-opacity":"","overlay-gradient":""},"tablet":{"background-color":"","background-image":"","background-repeat":"repeat","background-position":"center center","background-size":"auto","background-attachment":"scroll","background-type":"","background-media":"","overlay-type":"","overlay-color":"","overlay-opacity":"","overlay-gradient":""},"mobile":{"background-color":"","background-image":"","background-repeat":"repeat","background-position":"center center","background-size":"auto","background-attachment":"scroll","background-type":"","background-media":"","overlay-type":"","overlay-color":"","overlay-opacity":"","overlay-gradient":""}},"ast-content-background-meta":{"desktop":{"background-color":"var(--ast-global-color-5)","background-image":"","background-repeat":"repeat","background-position":"center center","background-size":"auto","background-attachment":"scroll","background-type":"","background-media":"","overlay-type":"","overlay-color":"","overlay-opacity":"","overlay-gradient":""},"tablet":{"background-color":"var(--ast-global-color-5)","background-image":"","background-repeat":"repeat","background-position":"center center","background-size":"auto","background-attachment":"scroll","background-type":"","background-media":"","overlay-type":"","overlay-color":"","overlay-opacity":"","overlay-gradient":""},"mobile":{"background-color":"var(--ast-global-color-5)","background-image":"","background-repeat":"repeat","background-position":"center center","background-size":"auto","background-attachment":"scroll","background-type":"","background-media":"","overlay-type":"","overlay-color":"","overlay-opacity":"","overlay-gradient":""}},"_mbp_gutenberg_autopost":false},"pwb-brand":[590,597,600,611,615],"product_brand":[],"product_cat":[525,522],"product_tag":[537,536,538],"class_list":{"0":"post-7189","1":"product","2":"type-product","3":"status-publish","4":"has-post-thumbnail","6":"pwb-brand-multi-inno-en","7":"pwb-brand-powertip-en","8":"pwb-brand-raystar-en","9":"pwb-brand-thingwell-en","10":"pwb-brand-vishay-en","11":"product_cat-leds-and-displays","12":"product_cat-semiconductors","13":"product_tag-avionics-defense-space","14":"product_tag-industrial-en","15":"product_tag-instrumentation-medical","16":"pa_marca-multi-inno","17":"pa_marca-powertip","18":"pa_marca-raystar","19":"pa_marca-thingwell","20":"pa_marca-vishay","21":"desktop-align-center","22":"tablet-align-left","23":"mobile-align-left","25":"first","26":"instock","27":"featured","28":"shipping-taxable","29":"product-type-simple"},"yoast_head":"<!-- This site is optimized with the Yoast SEO plugin v27.6 - https:\/\/yoast.com\/product\/yoast-seo-wordpress\/ -->\n<title>Industrial LCD displays | Low\u2011power screens - RC Microelectr\u00f3nica<\/title>\n<meta name=\"description\" content=\"Low\u2011power LCD displays for industrial electronics and instrumentation. STN, FSTN, COG, and OLED technologies available in multiple formats from leading manufacturers such as Raystar and Powertip.\" \/>\n<meta name=\"robots\" content=\"index, follow, max-snippet:-1, max-image-preview:large, max-video-preview:-1\" \/>\n<link rel=\"canonical\" href=\"https:\/\/rcmicro.es\/en\/product\/lcd-displays\/\" \/>\n<meta property=\"og:locale\" content=\"en_US\" \/>\n<meta property=\"og:type\" content=\"article\" \/>\n<meta property=\"og:title\" content=\"LCD displays for electronics and instrumentation - RC Microelectr\u00f3nica\" \/>\n<meta property=\"og:description\" content=\"Low\u2011power LCD displays with high visibility available in multiple formats. Reliable solutions for instrumentation, control, and electronic systems.\" \/>\n<meta property=\"og:url\" content=\"https:\/\/rcmicro.es\/en\/product\/lcd-displays\/\" \/>\n<meta property=\"og:site_name\" content=\"RC Microelectr\u00f3nica\" \/>\n<meta property=\"article:modified_time\" content=\"2026-01-16T10:51:37+00:00\" \/>\n<meta property=\"og:image\" content=\"https:\/\/rcmicro.es\/wp-content\/uploads\/2025\/01\/GA_RC-Micro_Displays-LCD-300x300.png\" \/>\n<meta name=\"twitter:card\" content=\"summary_large_image\" \/>\n<meta name=\"twitter:label1\" content=\"Est. reading time\" \/>\n\t<meta name=\"twitter:data1\" content=\"1 minute\" \/>\n<script type=\"application\/ld+json\" class=\"yoast-schema-graph\">{\"@context\":\"https:\\\/\\\/schema.org\",\"@graph\":[{\"@type\":\"WebPage\",\"@id\":\"https:\\\/\\\/rcmicro.es\\\/en\\\/product\\\/lcd-displays\\\/\",\"url\":\"https:\\\/\\\/rcmicro.es\\\/en\\\/product\\\/lcd-displays\\\/\",\"name\":\"Industrial LCD displays | Low\u2011power screens - RC Microelectr\u00f3nica\",\"isPartOf\":{\"@id\":\"https:\\\/\\\/rcmicro.es\\\/en\\\/#website\"},\"primaryImageOfPage\":{\"@id\":\"https:\\\/\\\/rcmicro.es\\\/en\\\/product\\\/lcd-displays\\\/#primaryimage\"},\"image\":{\"@id\":\"https:\\\/\\\/rcmicro.es\\\/en\\\/product\\\/lcd-displays\\\/#primaryimage\"},\"thumbnailUrl\":\"https:\\\/\\\/rcmicro.es\\\/wp-content\\\/uploads\\\/2025\\\/01\\\/GA_RC-Micro_Displays-LCD.webp\",\"datePublished\":\"2025-01-30T14:53:19+00:00\",\"dateModified\":\"2026-01-16T10:51:37+00:00\",\"description\":\"Low\u2011power LCD displays for industrial electronics and instrumentation. STN, FSTN, COG, and OLED technologies available in multiple formats from leading manufacturers such as Raystar and Powertip.\",\"breadcrumb\":{\"@id\":\"https:\\\/\\\/rcmicro.es\\\/en\\\/product\\\/lcd-displays\\\/#breadcrumb\"},\"inLanguage\":\"en-US\",\"potentialAction\":[{\"@type\":\"ReadAction\",\"target\":[\"https:\\\/\\\/rcmicro.es\\\/en\\\/product\\\/lcd-displays\\\/\"]}]},{\"@type\":\"ImageObject\",\"inLanguage\":\"en-US\",\"@id\":\"https:\\\/\\\/rcmicro.es\\\/en\\\/product\\\/lcd-displays\\\/#primaryimage\",\"url\":\"https:\\\/\\\/rcmicro.es\\\/wp-content\\\/uploads\\\/2025\\\/01\\\/GA_RC-Micro_Displays-LCD.webp\",\"contentUrl\":\"https:\\\/\\\/rcmicro.es\\\/wp-content\\\/uploads\\\/2025\\\/01\\\/GA_RC-Micro_Displays-LCD.webp\",\"width\":800,\"height\":800,\"caption\":\"Displays LCD\"},{\"@type\":\"BreadcrumbList\",\"@id\":\"https:\\\/\\\/rcmicro.es\\\/en\\\/product\\\/lcd-displays\\\/#breadcrumb\",\"itemListElement\":[{\"@type\":\"ListItem\",\"position\":1,\"name\":\"Portada\",\"item\":\"https:\\\/\\\/rcmicro.es\\\/en\\\/\"},{\"@type\":\"ListItem\",\"position\":2,\"name\":\"All products\",\"item\":\"https:\\\/\\\/rcmicro.es\\\/en\\\/all-products\\\/\"},{\"@type\":\"ListItem\",\"position\":3,\"name\":\"LCD displays\"}]},{\"@type\":\"WebSite\",\"@id\":\"https:\\\/\\\/rcmicro.es\\\/en\\\/#website\",\"url\":\"https:\\\/\\\/rcmicro.es\\\/en\\\/\",\"name\":\"RC Micro\",\"description\":\"\",\"publisher\":{\"@id\":\"https:\\\/\\\/rcmicro.es\\\/en\\\/#organization\"},\"potentialAction\":[{\"@type\":\"SearchAction\",\"target\":{\"@type\":\"EntryPoint\",\"urlTemplate\":\"https:\\\/\\\/rcmicro.es\\\/en\\\/?s={search_term_string}\"},\"query-input\":{\"@type\":\"PropertyValueSpecification\",\"valueRequired\":true,\"valueName\":\"search_term_string\"}}],\"inLanguage\":\"en-US\"},{\"@type\":\"Organization\",\"@id\":\"https:\\\/\\\/rcmicro.es\\\/en\\\/#organization\",\"name\":\"RC Micro\",\"url\":\"https:\\\/\\\/rcmicro.es\\\/en\\\/\",\"logo\":{\"@type\":\"ImageObject\",\"inLanguage\":\"en-US\",\"@id\":\"https:\\\/\\\/rcmicro.es\\\/en\\\/#\\\/schema\\\/logo\\\/image\\\/\",\"url\":\"https:\\\/\\\/rcmicro.es\\\/wp-content\\\/uploads\\\/2024\\\/07\\\/logo-RC-MICRO.png\",\"contentUrl\":\"https:\\\/\\\/rcmicro.es\\\/wp-content\\\/uploads\\\/2024\\\/07\\\/logo-RC-MICRO.png\",\"width\":925,\"height\":1040,\"caption\":\"RC Micro\"},\"image\":{\"@id\":\"https:\\\/\\\/rcmicro.es\\\/en\\\/#\\\/schema\\\/logo\\\/image\\\/\"},\"sameAs\":[\"https:\\\/\\\/es.linkedin.com\\\/company\\\/rcmicroelectronica\"]}]}<\/script>\n<!-- \/ Yoast SEO plugin. -->","yoast_head_json":{"title":"Industrial LCD displays | Low\u2011power screens - RC Microelectr\u00f3nica","description":"Low\u2011power LCD displays for industrial electronics and instrumentation. STN, FSTN, COG, and OLED technologies available in multiple formats from leading manufacturers such as Raystar and Powertip.","robots":{"index":"index","follow":"follow","max-snippet":"max-snippet:-1","max-image-preview":"max-image-preview:large","max-video-preview":"max-video-preview:-1"},"canonical":"https:\/\/rcmicro.es\/en\/product\/lcd-displays\/","og_locale":"en_US","og_type":"article","og_title":"LCD displays for electronics and instrumentation - RC Microelectr\u00f3nica","og_description":"Low\u2011power LCD displays with high visibility available in multiple formats. Reliable solutions for instrumentation, control, and electronic systems.","og_url":"https:\/\/rcmicro.es\/en\/product\/lcd-displays\/","og_site_name":"RC Microelectr\u00f3nica","article_modified_time":"2026-01-16T10:51:37+00:00","og_image":[{"url":"https:\/\/rcmicro.es\/wp-content\/uploads\/2025\/01\/GA_RC-Micro_Displays-LCD-300x300.png","type":"","width":"","height":""}],"twitter_card":"summary_large_image","twitter_misc":{"Est. reading time":"1 minute"},"schema":{"@context":"https:\/\/schema.org","@graph":[{"@type":"WebPage","@id":"https:\/\/rcmicro.es\/en\/product\/lcd-displays\/","url":"https:\/\/rcmicro.es\/en\/product\/lcd-displays\/","name":"Industrial LCD displays | Low\u2011power screens - RC Microelectr\u00f3nica","isPartOf":{"@id":"https:\/\/rcmicro.es\/en\/#website"},"primaryImageOfPage":{"@id":"https:\/\/rcmicro.es\/en\/product\/lcd-displays\/#primaryimage"},"image":{"@id":"https:\/\/rcmicro.es\/en\/product\/lcd-displays\/#primaryimage"},"thumbnailUrl":"https:\/\/rcmicro.es\/wp-content\/uploads\/2025\/01\/GA_RC-Micro_Displays-LCD.webp","datePublished":"2025-01-30T14:53:19+00:00","dateModified":"2026-01-16T10:51:37+00:00","description":"Low\u2011power LCD displays for industrial electronics and instrumentation. STN, FSTN, COG, and OLED technologies available in multiple formats from leading manufacturers such as Raystar and Powertip.","breadcrumb":{"@id":"https:\/\/rcmicro.es\/en\/product\/lcd-displays\/#breadcrumb"},"inLanguage":"en-US","potentialAction":[{"@type":"ReadAction","target":["https:\/\/rcmicro.es\/en\/product\/lcd-displays\/"]}]},{"@type":"ImageObject","inLanguage":"en-US","@id":"https:\/\/rcmicro.es\/en\/product\/lcd-displays\/#primaryimage","url":"https:\/\/rcmicro.es\/wp-content\/uploads\/2025\/01\/GA_RC-Micro_Displays-LCD.webp","contentUrl":"https:\/\/rcmicro.es\/wp-content\/uploads\/2025\/01\/GA_RC-Micro_Displays-LCD.webp","width":800,"height":800,"caption":"Displays LCD"},{"@type":"BreadcrumbList","@id":"https:\/\/rcmicro.es\/en\/product\/lcd-displays\/#breadcrumb","itemListElement":[{"@type":"ListItem","position":1,"name":"Portada","item":"https:\/\/rcmicro.es\/en\/"},{"@type":"ListItem","position":2,"name":"All products","item":"https:\/\/rcmicro.es\/en\/all-products\/"},{"@type":"ListItem","position":3,"name":"LCD displays"}]},{"@type":"WebSite","@id":"https:\/\/rcmicro.es\/en\/#website","url":"https:\/\/rcmicro.es\/en\/","name":"RC Micro","description":"","publisher":{"@id":"https:\/\/rcmicro.es\/en\/#organization"},"potentialAction":[{"@type":"SearchAction","target":{"@type":"EntryPoint","urlTemplate":"https:\/\/rcmicro.es\/en\/?s={search_term_string}"},"query-input":{"@type":"PropertyValueSpecification","valueRequired":true,"valueName":"search_term_string"}}],"inLanguage":"en-US"},{"@type":"Organization","@id":"https:\/\/rcmicro.es\/en\/#organization","name":"RC Micro","url":"https:\/\/rcmicro.es\/en\/","logo":{"@type":"ImageObject","inLanguage":"en-US","@id":"https:\/\/rcmicro.es\/en\/#\/schema\/logo\/image\/","url":"https:\/\/rcmicro.es\/wp-content\/uploads\/2024\/07\/logo-RC-MICRO.png","contentUrl":"https:\/\/rcmicro.es\/wp-content\/uploads\/2024\/07\/logo-RC-MICRO.png","width":925,"height":1040,"caption":"RC Micro"},"image":{"@id":"https:\/\/rcmicro.es\/en\/#\/schema\/logo\/image\/"},"sameAs":["https:\/\/es.linkedin.com\/company\/rcmicroelectronica"]}]}},"brands":[{"id":590,"name":"Multi-Inno","slug":"multi-inno-en"},{"id":597,"name":"Powertip","slug":"powertip-en"},{"id":600,"name":"Raystar","slug":"raystar-en"},{"id":611,"name":"Thingwell","slug":"thingwell-en"},{"id":615,"name":"Vishay","slug":"vishay-en"}],"_links":{"self":[{"href":"https:\/\/rcmicro.es\/en\/wp-json\/wp\/v2\/product\/7189","targetHints":{"allow":["GET"]}}],"collection":[{"href":"https:\/\/rcmicro.es\/en\/wp-json\/wp\/v2\/product"}],"about":[{"href":"https:\/\/rcmicro.es\/en\/wp-json\/wp\/v2\/types\/product"}],"wp:featuredmedia":[{"embeddable":true,"href":"https:\/\/rcmicro.es\/en\/wp-json\/wp\/v2\/media\/12661"}],"wp:attachment":[{"href":"https:\/\/rcmicro.es\/en\/wp-json\/wp\/v2\/media?parent=7189"}],"wp:term":[{"taxonomy":"pwb-brand","embeddable":true,"href":"https:\/\/rcmicro.es\/en\/wp-json\/wp\/v2\/pwb-brand?post=7189"},{"taxonomy":"product_brand","embeddable":true,"href":"https:\/\/rcmicro.es\/en\/wp-json\/wp\/v2\/product_brand?post=7189"},{"taxonomy":"product_cat","embeddable":true,"href":"https:\/\/rcmicro.es\/en\/wp-json\/wp\/v2\/product_cat?post=7189"},{"taxonomy":"product_tag","embeddable":true,"href":"https:\/\/rcmicro.es\/en\/wp-json\/wp\/v2\/product_tag?post=7189"}],"curies":[{"name":"wp","href":"https:\/\/api.w.org\/{rel}","templated":true}]}}